{"id":9228,"date":"2019-10-17T11:57:06","date_gmt":"2019-10-17T09:57:06","guid":{"rendered":"https:\/\/www.bistrotconstant.com\/?page_id=9228"},"modified":"2019-10-17T11:57:07","modified_gmt":"2019-10-17T09:57:07","slug":"mentions-legales","status":"publish","type":"page","link":"https:\/\/www.bistrotconstant.com\/en\/mentions-legales\/","title":{"rendered":"Mentions l\u00e9gales"},"content":{"rendered":"<div class=\"wpb-content-wrapper\"><p>[vc_row full_width=&#8221;stretch_row_content_no_spaces&#8221; full_height=&#8221;yes&#8221; columns_placement=&#8221;stretch&#8221; equal_height=&#8221;yes&#8221; overflow=&#8221;default&#8221; css=&#8221;.vc_custom_1562141928346{padding-top: 0px !important;}&#8221; el_class=&#8221;zindexleft&#8221;][vc_column width=&#8221;5\/12&#8243; css=&#8221;.vc_custom_1553851167603{background-image: url(http:\/\/www.bistrotconstant.com\/wp-content\/uploads\/2019\/03\/testhomeleft.jpg?id=8725) !important;background-position: center !important;background-repeat: no-repeat !important;background-size: cover !important;}&#8221; el_class=&#8221;paddingimgleft&#8221;][vc_column_text css_animation=&#8221;fadeInLeft&#8221; el_class=&#8221;h1goutduplaisir&#8221; css=&#8221;.vc_custom_1563180273045{margin-top: 100px !important;}&#8221;]<\/p>\n<h1 style=\"text-align: center;\"><span class=\"borderbot\">Mentions l\u00e9gales<\/span><\/h1>\n<p>[\/vc_column_text][\/vc_column][vc_column width=&#8221;7\/12&#8243; overflow=&#8221;default&#8221; css=&#8221;.vc_custom_1562145084057{background-color: #212e3d !important;}&#8221; el_class=&#8221;paddingmenu&#8221;][vc_row_inner overflow=&#8221;default&#8221; css=&#8221;.vc_custom_1562145088662{margin-top: 140px !important;}&#8221;][vc_column_inner css=&#8221;.vc_custom_1553789652079{padding-top: 0px !important;}&#8221;][vc_column_text css_animation=&#8221;zoomIn&#8221; el_class=&#8221;h4price pwhitemenu h3minewhite&#8221;]<\/p>\n<h3 style=\"text-align: left;\">PROPRI\u00c9TAIRES ET R\u00c9DACTEURS :<\/h3>\n<p style=\"text-align: left;\">Le bistrot Constant<br \/>\n25 rue de l\u2019usine 82700 Montech<br \/>\nT\u00e9l : 05 63 24 63 02<\/p>\n<p style=\"text-align: left;\">Siret : 80476473600018<\/p>\n<h3 style=\"text-align: left;\">R\u00c9ALISATION :<\/h3>\n<p style=\"text-align: left;\"><a href=\"http:\/\/www.resonancecommunication.com\/\" target=\"_blank\" rel=\"noopener noreferrer\">R\u00e9sonance communication<\/a> SARL<br \/>\n5 place Davilla 11000 Carcassonne<br \/>\nT\u00e9l. : 04 68 76 00 31<\/p>\n<h3 style=\"text-align: left;\">CR\u00c9DITS PHOTOS &amp; VID\u00c9O :<\/h3>\n<div style=\"text-align: left;\">\n<p><strong>Spatule production<\/strong><br \/>\n34 rue d\u2019Avranches 31200 Toulouse<\/p>\n<p>T\u00e9l. : 07 88 88 77 34<br \/>\nSite internet :\u00a0<a class=\"\" href=\"http:\/\/www.spatuleprod.com\/\" target=\"_blank\" rel=\"noopener noreferrer\">Spatule prod<\/a><\/p>\n<\/div>\n<h3 style=\"text-align: left;\">H\u00c9BERGEUR :<\/h3>\n<p style=\"text-align: left;\"><strong>OVH SAS<\/strong><br \/>\n140, quai du Sartel<br \/>\n59100 ROUBAIX<br \/>\nT\u00e9l. : 08 99 70 17 61<\/p>\n<h3 style=\"text-align: left;\">COMMENTAIRES, REMARQUES ET SUGGESTIONS<\/h3>\n<p style=\"text-align: left;\">Le bistrot Constant ne garantit pas que ce site soit exempt de d\u00e9faut, d\u2019erreur ou d\u2019omission. L\u2019information qui y est contenue est destin\u00e9e \u00e0 vous apporter des indications g\u00e9n\u00e9rales et les mieux actualis\u00e9es possibles sur les sujets trait\u00e9s.<\/p>\n<p style=\"text-align: left;\">Le bistrot Constant ne saurait en aucun cas \u00eatre tenus responsable des \u00e9ventuels d\u00e9fauts, erreurs ou omissions existant dans ce site, ni de l\u2019utilisation et de l\u2019interpr\u00e9tation de l\u2019information qu\u2019il contient.<\/p>\n<p style=\"text-align: left;\">La pr\u00e9sente clause de r\u00e9serve juridique n\u2019a pas pour objet de limiter la responsabilit\u00e9 de Le bistrot Constant de mani\u00e8re contraire \u00e0 la l\u00e9gislation nationale applicable ni de l\u2019exclure dans les cas o\u00f9 elle peut \u00eatre engag\u00e9e en vertu de ladite l\u00e9gislation.<\/p>\n<p style=\"text-align: left;\">Conform\u00e9ment \u00e0 la loi \u00ab informatique et libert\u00e9s \u00bb du 6 janvier 1978 modifi\u00e9e en 2004, vous b\u00e9n\u00e9ficiez d\u2019un droit d\u2019acc\u00e8s et de rectification aux informations qui vous concernent, que vous pouvez exercer en vous adressant \u00e0 Le bistrot Constant 25 rue de l\u2019usine 82700 Montech<\/p>\n<p style=\"text-align: left;\">Vous pouvez \u00e9galement, pour des motifs l\u00e9gitimes, vous opposer au traitement des donn\u00e9es vous concernant.<\/p>\n<p>[\/vc_column_text][vc_empty_space height=&#8221;48px&#8221;][\/vc_column_inner][\/vc_row_inner][\/vc_column][\/vc_row]<\/p>\n<\/div>","protected":false},"excerpt":{"rendered":"<p>[vc_row full_width=&#8221;stretch_row_content_no_spaces&#8221; full_height=&#8221;yes&#8221; columns_placement=&#8221;stretch&#8221; equal_height=&#8221;yes&#8221; overflow=&#8221;default&#8221; css=&#8221;.vc_custom_1562141928346{padding-top: 0px !important;}&#8221; el_class=&#8221;zindexleft&#8221;][vc_column width=&#8221;5\/12&#8243; css=&#8221;.vc_custom_1553851167603{background-image: url(http:\/\/www.bistrotconstant.com\/wp-content\/uploads\/2019\/03\/testhomeleft.jpg?id=8725) !important;background-position: center !important;background-repeat: no-repeat !important;background-size: cover !important;}&#8221; el_class=&#8221;paddingimgleft&#8221;][vc_column_text css_animation=&#8221;fadeInLeft&#8221; el_class=&#8221;h1goutduplaisir&#8221; css=&#8221;.vc_custom_1563180273045{margin-top: 100px !important;}&#8221;] Mentions l\u00e9gales [\/vc_column_text][\/vc_column][vc_column width=&#8221;7\/12&#8243; overflow=&#8221;default&#8221; css=&#8221;.vc_custom_1562145084057{background-color: #212e3d !important;}&#8221; el_class=&#8221;paddingmenu&#8221;][vc_row_inner overflow=&#8221;default&#8221; css=&#8221;.vc_custom_1562145088662{margin-top: 140px !important;}&#8221;][vc_column_inner css=&#8221;.vc_custom_1553789652079{padding-top: 0px !important;}&#8221;][vc_column_text css_animation=&#8221;zoomIn&#8221; el_class=&#8221;h4price pwhitemenu&#8230;<\/p>\n","protected":false},"author":1,"featured_media":0,"parent":0,"menu_order":0,"comment_status":"closed","ping_status":"closed","template":"","meta":{"inline_featured_image":false,"footnotes":"","_wp_rev_ctl_limit":""},"class_list":["post-9228","page","type-page","status-publish","hentry"],"yoast_head":"<!-- This site is optimized with the Yoast SEO plugin v26.8 - https:\/\/yoast.com\/product\/yoast-seo-wordpress\/ -->\n<title>Mentions l\u00e9gales - Bistrot Constant<\/title>\n<meta name=\"description\" content=\"Mentions l\u00e9gales Mentions l\u00e9gales PROPRI\u00c9TAIRES ET R\u00c9DACTEURS : Le bistrot Constant 25 rue de l\u2019usine 82700 Montech T\u00e9l : 05 63 24 63 02 Siret : 80476473600018 R\u00c9ALISATION Bistrot Constant Restaurant \u00e0 Montech dans le Tarn-et-Garonne\" \/>\n<meta name=\"robots\" content=\"index, follow, max-snippet:-1, max-image-preview:large, max-video-preview:-1\" \/>\n<link rel=\"canonical\" href=\"https:\/\/www.bistrotconstant.com\/en\/mentions-legales\/\" \/>\n<meta property=\"og:locale\" content=\"en_US\" \/>\n<meta property=\"og:type\" content=\"article\" \/>\n<meta property=\"og:title\" content=\"Mentions l\u00e9gales - Bistrot Constant\" \/>\n<meta property=\"og:description\" content=\"Mentions l\u00e9gales Mentions l\u00e9gales PROPRI\u00c9TAIRES ET R\u00c9DACTEURS : Le bistrot Constant 25 rue de l\u2019usine 82700 Montech T\u00e9l : 05 63 24 63 02 Siret : 80476473600018 R\u00c9ALISATION Bistrot Constant Restaurant \u00e0 Montech dans le Tarn-et-Garonne\" \/>\n<meta property=\"og:url\" content=\"https:\/\/www.bistrotconstant.com\/en\/mentions-legales\/\" \/>\n<meta property=\"og:site_name\" content=\"Bistrot Constant\" \/>\n<meta property=\"article:publisher\" content=\"https:\/\/www.facebook.com\/bistrotconstant\/\" \/>\n<meta property=\"article:modified_time\" content=\"2019-10-17T09:57:07+00:00\" \/>\n<meta name=\"twitter:card\" content=\"summary_large_image\" \/>\n<meta name=\"twitter:label1\" content=\"Est. reading time\" \/>\n\t<meta name=\"twitter:data1\" content=\"2 minutes\" \/>\n<script type=\"application\/ld+json\" class=\"yoast-schema-graph\">{\"@context\":\"https:\/\/schema.org\",\"@graph\":[{\"@type\":\"WebPage\",\"@id\":\"https:\/\/www.bistrotconstant.com\/en\/mentions-legales\/\",\"url\":\"https:\/\/www.bistrotconstant.com\/en\/mentions-legales\/\",\"name\":\"Mentions l\u00e9gales - Bistrot Constant\",\"isPartOf\":{\"@id\":\"https:\/\/www.bistrotconstant.com\/#website\"},\"datePublished\":\"2019-10-17T09:57:06+00:00\",\"dateModified\":\"2019-10-17T09:57:07+00:00\",\"description\":\"Mentions l\u00e9gales Mentions l\u00e9gales PROPRI\u00c9TAIRES ET R\u00c9DACTEURS : Le bistrot Constant 25 rue de l\u2019usine 82700 Montech T\u00e9l : 05 63 24 63 02 Siret : 80476473600018 R\u00c9ALISATION Bistrot Constant Restaurant \u00e0 Montech dans le Tarn-et-Garonne\",\"breadcrumb\":{\"@id\":\"https:\/\/www.bistrotconstant.com\/en\/mentions-legales\/#breadcrumb\"},\"inLanguage\":\"en-US\",\"potentialAction\":[{\"@type\":\"ReadAction\",\"target\":[\"https:\/\/www.bistrotconstant.com\/en\/mentions-legales\/\"]}]},{\"@type\":\"BreadcrumbList\",\"@id\":\"https:\/\/www.bistrotconstant.com\/en\/mentions-legales\/#breadcrumb\",\"itemListElement\":[{\"@type\":\"ListItem\",\"position\":1,\"name\":\"Accueil\",\"item\":\"https:\/\/www.bistrotconstant.com\/en\/\"},{\"@type\":\"ListItem\",\"position\":2,\"name\":\"Mentions l\u00e9gales\"}]},{\"@type\":\"WebSite\",\"@id\":\"https:\/\/www.bistrotconstant.com\/#website\",\"url\":\"https:\/\/www.bistrotconstant.com\/\",\"name\":\"Bistrot Constant\",\"description\":\"Restaurant \u00e0 Montech dans le Tarn-et-Garonne\",\"potentialAction\":[{\"@type\":\"SearchAction\",\"target\":{\"@type\":\"EntryPoint\",\"urlTemplate\":\"https:\/\/www.bistrotconstant.com\/?s={search_term_string}\"},\"query-input\":{\"@type\":\"PropertyValueSpecification\",\"valueRequired\":true,\"valueName\":\"search_term_string\"}}],\"inLanguage\":\"en-US\"}]}<\/script>\n<!-- \/ Yoast SEO plugin. -->","yoast_head_json":{"title":"Mentions l\u00e9gales - Bistrot Constant","description":"Mentions l\u00e9gales Mentions l\u00e9gales PROPRI\u00c9TAIRES ET R\u00c9DACTEURS : Le bistrot Constant 25 rue de l\u2019usine 82700 Montech T\u00e9l : 05 63 24 63 02 Siret : 80476473600018 R\u00c9ALISATION Bistrot Constant Restaurant \u00e0 Montech dans le Tarn-et-Garonne","robots":{"index":"index","follow":"follow","max-snippet":"max-snippet:-1","max-image-preview":"max-image-preview:large","max-video-preview":"max-video-preview:-1"},"canonical":"https:\/\/www.bistrotconstant.com\/en\/mentions-legales\/","og_locale":"en_US","og_type":"article","og_title":"Mentions l\u00e9gales - Bistrot Constant","og_description":"Mentions l\u00e9gales Mentions l\u00e9gales PROPRI\u00c9TAIRES ET R\u00c9DACTEURS : Le bistrot Constant 25 rue de l\u2019usine 82700 Montech T\u00e9l : 05 63 24 63 02 Siret : 80476473600018 R\u00c9ALISATION Bistrot Constant Restaurant \u00e0 Montech dans le Tarn-et-Garonne","og_url":"https:\/\/www.bistrotconstant.com\/en\/mentions-legales\/","og_site_name":"Bistrot Constant","article_publisher":"https:\/\/www.facebook.com\/bistrotconstant\/","article_modified_time":"2019-10-17T09:57:07+00:00","twitter_card":"summary_large_image","twitter_misc":{"Est. reading time":"2 minutes"},"schema":{"@context":"https:\/\/schema.org","@graph":[{"@type":"WebPage","@id":"https:\/\/www.bistrotconstant.com\/en\/mentions-legales\/","url":"https:\/\/www.bistrotconstant.com\/en\/mentions-legales\/","name":"Mentions l\u00e9gales - Bistrot Constant","isPartOf":{"@id":"https:\/\/www.bistrotconstant.com\/#website"},"datePublished":"2019-10-17T09:57:06+00:00","dateModified":"2019-10-17T09:57:07+00:00","description":"Mentions l\u00e9gales Mentions l\u00e9gales PROPRI\u00c9TAIRES ET R\u00c9DACTEURS : Le bistrot Constant 25 rue de l\u2019usine 82700 Montech T\u00e9l : 05 63 24 63 02 Siret : 80476473600018 R\u00c9ALISATION Bistrot Constant Restaurant \u00e0 Montech dans le Tarn-et-Garonne","breadcrumb":{"@id":"https:\/\/www.bistrotconstant.com\/en\/mentions-legales\/#breadcrumb"},"inLanguage":"en-US","potentialAction":[{"@type":"ReadAction","target":["https:\/\/www.bistrotconstant.com\/en\/mentions-legales\/"]}]},{"@type":"BreadcrumbList","@id":"https:\/\/www.bistrotconstant.com\/en\/mentions-legales\/#breadcrumb","itemListElement":[{"@type":"ListItem","position":1,"name":"Accueil","item":"https:\/\/www.bistrotconstant.com\/en\/"},{"@type":"ListItem","position":2,"name":"Mentions l\u00e9gales"}]},{"@type":"WebSite","@id":"https:\/\/www.bistrotconstant.com\/#website","url":"https:\/\/www.bistrotconstant.com\/","name":"Bistrot Constant","description":"Restaurant \u00e0 Montech dans le Tarn-et-Garonne","potentialAction":[{"@type":"SearchAction","target":{"@type":"EntryPoint","urlTemplate":"https:\/\/www.bistrotconstant.com\/?s={search_term_string}"},"query-input":{"@type":"PropertyValueSpecification","valueRequired":true,"valueName":"search_term_string"}}],"inLanguage":"en-US"}]}},"_links":{"self":[{"href":"https:\/\/www.bistrotconstant.com\/en\/wp-json\/wp\/v2\/pages\/9228","targetHints":{"allow":["GET"]}}],"collection":[{"href":"https:\/\/www.bistrotconstant.com\/en\/wp-json\/wp\/v2\/pages"}],"about":[{"href":"https:\/\/www.bistrotconstant.com\/en\/wp-json\/wp\/v2\/types\/page"}],"author":[{"embeddable":true,"href":"https:\/\/www.bistrotconstant.com\/en\/wp-json\/wp\/v2\/users\/1"}],"replies":[{"embeddable":true,"href":"https:\/\/www.bistrotconstant.com\/en\/wp-json\/wp\/v2\/comments?post=9228"}],"version-history":[{"count":0,"href":"https:\/\/www.bistrotconstant.com\/en\/wp-json\/wp\/v2\/pages\/9228\/revisions"}],"wp:attachment":[{"href":"https:\/\/www.bistrotconstant.com\/en\/wp-json\/wp\/v2\/media?parent=9228"}],"curies":[{"name":"wp","href":"https:\/\/api.w.org\/{rel}","templated":true}]}}