{"id":9230,"date":"2019-10-17T11:58:37","date_gmt":"2019-10-17T09:58:37","guid":{"rendered":"https:\/\/www.bistrotconstant.com\/?page_id=9230"},"modified":"2019-10-17T11:58:37","modified_gmt":"2019-10-17T09:58:37","slug":"protection-des-donnees","status":"publish","type":"page","link":"https:\/\/www.bistrotconstant.com\/en\/protection-des-donnees\/","title":{"rendered":"Protection des donn\u00e9es"},"content":{"rendered":"<h2>Conformit\u00e9 RGPD<\/h2>\n<p><strong>Bistrot Constant s\u2019engage \u00e0 ce que la collecte et le traitement de vos donn\u00e9es, effectu\u00e9s \u00e0 partir du site http:\/\/www.bistrotconstant.com\/ soient conformes au r\u00e8glement g\u00e9n\u00e9ral sur la protection des donn\u00e9es (RGPD) et \u00e0 la loi Informatique et Libert\u00e9s.<\/strong><\/p>\n<p>Chaque formulaire\u00a0ou t\u00e9l\u00e9service limite la collecte des donn\u00e9es personnelles au strict n\u00e9cessaire afin de respecter la minimisation des donn\u00e9es et indique :<\/p>\n<ul>\n<li>quels sont les objectifs du recueil de ces donn\u00e9es ;<\/li>\n<li>si ces donn\u00e9es sont obligatoires ou facultatives pour la gestion de votre demande ;<\/li>\n<li>qui pourra en prendre connaissance: uniquement <strong>Bistrot Constant<\/strong><\/li>\n<\/ul>\n<p>Les donn\u00e9es personnelles recueillies dans le cadre des services propos\u00e9s sur http:\/\/www.bistrotconstant.com\/ sont trait\u00e9es selon des protocoles s\u00e9curis\u00e9s et permettent \u00e0 <strong>Bistrot Constant<\/strong><strong>\u00a0<\/strong>de g\u00e9rer les demandes re\u00e7ues dans ses applications informatiques (Emails, CRM).<\/p>\n<p>Pour toute information ou exercice de vos droits Informatique et Libert\u00e9s sur les traitements de donn\u00e9es personnelles g\u00e9r\u00e9s par <strong>Bistrot Constant<\/strong>, vous pouvez contacter son d\u00e9l\u00e9gu\u00e9 \u00e0 la protection des donn\u00e9es (DPO) :<\/p>\n<ul>\n<li><a href=\"\/formulaire-dacces-aux-informations\">par ce formulaire<\/a><\/li>\n<li>ou par courrier sign\u00e9 et accompagn\u00e9 de la copie d\u2019un titre d\u2019identit\u00e9 et d\u2019un email \u00e0 l\u2019adresse suivante :<\/li>\n<\/ul>\n<h2>Dur\u00e9e de conservation des donn\u00e9es<\/h2>\n<table cellspacing=\"0\" cellpadding=\"10\">\n<tbody>\n<tr>\n<th colspan=\"2\">Dur\u00e9es d\u2019utilit\u00e9 administrative (DUA) applicables aux formulaires ou t\u00e9l\u00e9services g\u00e9r\u00e9es par <strong>Bistrot Constant<\/strong>.<br \/>\nLa DUA couvre la dur\u00e9e de conservation en base active et en archives internes.<\/th>\n<\/tr>\n<tr>\n<td><\/td>\n<td><\/td>\n<\/tr>\n<tr>\n<th>Proc\u00e9dure<\/th>\n<th>DUA des informations collect\u00e9es dans le cadre de la proc\u00e9dure<\/th>\n<\/tr>\n<tr>\n<td>Demande d\u2019information (formulaire de contact, demande de r\u00e9servation)<\/td>\n<td>3 ans apr\u00e8s la cl\u00f4ture de la demande<\/td>\n<\/tr>\n<tr>\n<td>Gestion des donn\u00e9es clients<\/td>\n<td>\u00a05 ans apr\u00e8s la cl\u00f4ture du dossier client<\/td>\n<\/tr>\n<tr>\n<td>Donn\u00e9es de ressources humaines<\/td>\n<td>10 ans apr\u00e8s la cl\u00f4ture du dossier<\/td>\n<\/tr>\n<\/tbody>\n<\/table>\n<h2><a href=\"\/informations-relatives-aux-cookies\/\">A propos des cookies\u00a0<\/a><\/h2>\n","protected":false},"excerpt":{"rendered":"<p>Conformit\u00e9 RGPD Bistrot Constant s\u2019engage \u00e0 ce que la collecte et le traitement de vos donn\u00e9es, effectu\u00e9s \u00e0 partir du site http:\/\/www.bistrotconstant.com\/ soient conformes au r\u00e8glement g\u00e9n\u00e9ral sur la protection des donn\u00e9es (RGPD) et \u00e0 la loi Informatique et Libert\u00e9s. Chaque formulaire\u00a0ou t\u00e9l\u00e9service limite la&#8230;<\/p>\n","protected":false},"author":1,"featured_media":0,"parent":0,"menu_order":0,"comment_status":"closed","ping_status":"closed","template":"","meta":{"inline_featured_image":false,"footnotes":"","_wp_rev_ctl_limit":""},"class_list":["post-9230","page","type-page","status-publish","hentry"],"yoast_head":"<!-- This site is optimized with the Yoast SEO plugin v26.8 - https:\/\/yoast.com\/product\/yoast-seo-wordpress\/ -->\n<title>Protection des donn\u00e9es - Bistrot Constant<\/title>\n<meta name=\"description\" content=\"Protection des donn\u00e9es Conformit\u00e9 RGPD Bistrot Constant s\u2019engage \u00e0 ce que la collecte et le traitement de vos donn\u00e9es, effectu\u00e9s \u00e0 partir du site http:\/\/www.bistrotconstant.com\/ Bistrot Constant Restaurant \u00e0 Montech dans le Tarn-et-Garonne\" \/>\n<meta name=\"robots\" content=\"index, follow, max-snippet:-1, max-image-preview:large, max-video-preview:-1\" \/>\n<link rel=\"canonical\" href=\"https:\/\/www.bistrotconstant.com\/en\/protection-des-donnees\/\" \/>\n<meta property=\"og:locale\" content=\"en_US\" \/>\n<meta property=\"og:type\" content=\"article\" \/>\n<meta property=\"og:title\" content=\"Protection des donn\u00e9es - Bistrot Constant\" \/>\n<meta property=\"og:description\" content=\"Protection des donn\u00e9es Conformit\u00e9 RGPD Bistrot Constant s\u2019engage \u00e0 ce que la collecte et le traitement de vos donn\u00e9es, effectu\u00e9s \u00e0 partir du site http:\/\/www.bistrotconstant.com\/ Bistrot Constant Restaurant \u00e0 Montech dans le Tarn-et-Garonne\" \/>\n<meta property=\"og:url\" content=\"https:\/\/www.bistrotconstant.com\/en\/protection-des-donnees\/\" \/>\n<meta property=\"og:site_name\" content=\"Bistrot Constant\" \/>\n<meta property=\"article:publisher\" content=\"https:\/\/www.facebook.com\/bistrotconstant\/\" \/>\n<meta name=\"twitter:card\" content=\"summary_large_image\" \/>\n<meta name=\"twitter:label1\" content=\"Est. reading time\" \/>\n\t<meta name=\"twitter:data1\" content=\"2 minutes\" \/>\n<script type=\"application\/ld+json\" class=\"yoast-schema-graph\">{\"@context\":\"https:\/\/schema.org\",\"@graph\":[{\"@type\":\"WebPage\",\"@id\":\"https:\/\/www.bistrotconstant.com\/en\/protection-des-donnees\/\",\"url\":\"https:\/\/www.bistrotconstant.com\/en\/protection-des-donnees\/\",\"name\":\"Protection des donn\u00e9es - Bistrot Constant\",\"isPartOf\":{\"@id\":\"https:\/\/www.bistrotconstant.com\/#website\"},\"datePublished\":\"2019-10-17T09:58:37+00:00\",\"description\":\"Protection des donn\u00e9es Conformit\u00e9 RGPD Bistrot Constant s\u2019engage \u00e0 ce que la collecte et le traitement de vos donn\u00e9es, effectu\u00e9s \u00e0 partir du site http:\/\/www.bistrotconstant.com\/ Bistrot Constant Restaurant \u00e0 Montech dans le Tarn-et-Garonne\",\"breadcrumb\":{\"@id\":\"https:\/\/www.bistrotconstant.com\/en\/protection-des-donnees\/#breadcrumb\"},\"inLanguage\":\"en-US\",\"potentialAction\":[{\"@type\":\"ReadAction\",\"target\":[\"https:\/\/www.bistrotconstant.com\/en\/protection-des-donnees\/\"]}]},{\"@type\":\"BreadcrumbList\",\"@id\":\"https:\/\/www.bistrotconstant.com\/en\/protection-des-donnees\/#breadcrumb\",\"itemListElement\":[{\"@type\":\"ListItem\",\"position\":1,\"name\":\"Accueil\",\"item\":\"https:\/\/www.bistrotconstant.com\/en\/\"},{\"@type\":\"ListItem\",\"position\":2,\"name\":\"Protection des donn\u00e9es\"}]},{\"@type\":\"WebSite\",\"@id\":\"https:\/\/www.bistrotconstant.com\/#website\",\"url\":\"https:\/\/www.bistrotconstant.com\/\",\"name\":\"Bistrot Constant\",\"description\":\"Restaurant \u00e0 Montech dans le Tarn-et-Garonne\",\"potentialAction\":[{\"@type\":\"SearchAction\",\"target\":{\"@type\":\"EntryPoint\",\"urlTemplate\":\"https:\/\/www.bistrotconstant.com\/?s={search_term_string}\"},\"query-input\":{\"@type\":\"PropertyValueSpecification\",\"valueRequired\":true,\"valueName\":\"search_term_string\"}}],\"inLanguage\":\"en-US\"}]}<\/script>\n<!-- \/ Yoast SEO plugin. -->","yoast_head_json":{"title":"Protection des donn\u00e9es - Bistrot Constant","description":"Protection des donn\u00e9es Conformit\u00e9 RGPD Bistrot Constant s\u2019engage \u00e0 ce que la collecte et le traitement de vos donn\u00e9es, effectu\u00e9s \u00e0 partir du site http:\/\/www.bistrotconstant.com\/ Bistrot Constant Restaurant \u00e0 Montech dans le Tarn-et-Garonne","robots":{"index":"index","follow":"follow","max-snippet":"max-snippet:-1","max-image-preview":"max-image-preview:large","max-video-preview":"max-video-preview:-1"},"canonical":"https:\/\/www.bistrotconstant.com\/en\/protection-des-donnees\/","og_locale":"en_US","og_type":"article","og_title":"Protection des donn\u00e9es - Bistrot Constant","og_description":"Protection des donn\u00e9es Conformit\u00e9 RGPD Bistrot Constant s\u2019engage \u00e0 ce que la collecte et le traitement de vos donn\u00e9es, effectu\u00e9s \u00e0 partir du site http:\/\/www.bistrotconstant.com\/ Bistrot Constant Restaurant \u00e0 Montech dans le Tarn-et-Garonne","og_url":"https:\/\/www.bistrotconstant.com\/en\/protection-des-donnees\/","og_site_name":"Bistrot Constant","article_publisher":"https:\/\/www.facebook.com\/bistrotconstant\/","twitter_card":"summary_large_image","twitter_misc":{"Est. reading time":"2 minutes"},"schema":{"@context":"https:\/\/schema.org","@graph":[{"@type":"WebPage","@id":"https:\/\/www.bistrotconstant.com\/en\/protection-des-donnees\/","url":"https:\/\/www.bistrotconstant.com\/en\/protection-des-donnees\/","name":"Protection des donn\u00e9es - Bistrot Constant","isPartOf":{"@id":"https:\/\/www.bistrotconstant.com\/#website"},"datePublished":"2019-10-17T09:58:37+00:00","description":"Protection des donn\u00e9es Conformit\u00e9 RGPD Bistrot Constant s\u2019engage \u00e0 ce que la collecte et le traitement de vos donn\u00e9es, effectu\u00e9s \u00e0 partir du site http:\/\/www.bistrotconstant.com\/ Bistrot Constant Restaurant \u00e0 Montech dans le Tarn-et-Garonne","breadcrumb":{"@id":"https:\/\/www.bistrotconstant.com\/en\/protection-des-donnees\/#breadcrumb"},"inLanguage":"en-US","potentialAction":[{"@type":"ReadAction","target":["https:\/\/www.bistrotconstant.com\/en\/protection-des-donnees\/"]}]},{"@type":"BreadcrumbList","@id":"https:\/\/www.bistrotconstant.com\/en\/protection-des-donnees\/#breadcrumb","itemListElement":[{"@type":"ListItem","position":1,"name":"Accueil","item":"https:\/\/www.bistrotconstant.com\/en\/"},{"@type":"ListItem","position":2,"name":"Protection des donn\u00e9es"}]},{"@type":"WebSite","@id":"https:\/\/www.bistrotconstant.com\/#website","url":"https:\/\/www.bistrotconstant.com\/","name":"Bistrot Constant","description":"Restaurant \u00e0 Montech dans le Tarn-et-Garonne","potentialAction":[{"@type":"SearchAction","target":{"@type":"EntryPoint","urlTemplate":"https:\/\/www.bistrotconstant.com\/?s={search_term_string}"},"query-input":{"@type":"PropertyValueSpecification","valueRequired":true,"valueName":"search_term_string"}}],"inLanguage":"en-US"}]}},"_links":{"self":[{"href":"https:\/\/www.bistrotconstant.com\/en\/wp-json\/wp\/v2\/pages\/9230","targetHints":{"allow":["GET"]}}],"collection":[{"href":"https:\/\/www.bistrotconstant.com\/en\/wp-json\/wp\/v2\/pages"}],"about":[{"href":"https:\/\/www.bistrotconstant.com\/en\/wp-json\/wp\/v2\/types\/page"}],"author":[{"embeddable":true,"href":"https:\/\/www.bistrotconstant.com\/en\/wp-json\/wp\/v2\/users\/1"}],"replies":[{"embeddable":true,"href":"https:\/\/www.bistrotconstant.com\/en\/wp-json\/wp\/v2\/comments?post=9230"}],"version-history":[{"count":0,"href":"https:\/\/www.bistrotconstant.com\/en\/wp-json\/wp\/v2\/pages\/9230\/revisions"}],"wp:attachment":[{"href":"https:\/\/www.bistrotconstant.com\/en\/wp-json\/wp\/v2\/media?parent=9230"}],"curies":[{"name":"wp","href":"https:\/\/api.w.org\/{rel}","templated":true}]}}